{"id":643,"date":"2020-10-11T20:32:05","date_gmt":"2020-10-11T20:32:05","guid":{"rendered":"http:\/\/hotelsangilcampestre.com\/?page_id=643"},"modified":"2020-11-21T14:48:38","modified_gmt":"2020-11-21T14:48:38","slug":"nosotros","status":"publish","type":"page","link":"https:\/\/hotelsangilcampestre.com\/index.php\/nosotros\/","title":{"rendered":"Nosotros"},"content":{"rendered":"\t\t<div data-elementor-type=\"wp-page\" data-elementor-id=\"643\" class=\"elementor elementor-643\">\n\t\t\t\t\t\t<section class=\"elementor-section elementor-top-section elementor-element elementor-element-9d6c486 elementor-section-boxed elementor-section-height-default elementor-section-height-default\" data-id=\"9d6c486\" data-element_type=\"section\">\n\t\t\t\t\t\t<div class=\"elementor-container elementor-column-gap-default\">\n\t\t\t\t\t<div class=\"elementor-column elementor-col-100 elementor-top-column elementor-element elementor-element-86ecab8\" data-id=\"86ecab8\" data-element_type=\"column\">\n\t\t\t<div class=\"elementor-widget-wrap elementor-element-populated\">\n\t\t\t\t\t\t<section class=\"elementor-section elementor-inner-section elementor-element elementor-element-5609289 elementor-section-boxed elementor-section-height-default elementor-section-height-default\" data-id=\"5609289\" data-element_type=\"section\">\n\t\t\t\t\t\t<div class=\"elementor-container elementor-column-gap-default\">\n\t\t\t\t\t<div class=\"elementor-column elementor-col-50 elementor-inner-column elementor-element elementor-element-6336036\" data-id=\"6336036\" data-element_type=\"column\">\n\t\t\t<div class=\"elementor-widget-wrap elementor-element-populated\">\n\t\t\t\t\t\t<div class=\"elementor-element elementor-element-83ddb32 elementor-widget elementor-widget-image\" data-id=\"83ddb32\" data-element_type=\"widget\" data-widget_type=\"image.default\">\n\t\t\t\t<div class=\"elementor-widget-container\">\n\t\t\t\t\t\t\t\t\t\t\t\t\t<img fetchpriority=\"high\" decoding=\"async\" width=\"2048\" height=\"1364\" src=\"https:\/\/hotelsangilcampestre.com\/wp-content\/uploads\/2020\/11\/DJI_0593-HDR-2048x1364.jpg\" class=\"attachment-2048x2048 size-2048x2048 wp-image-889\" alt=\"\" srcset=\"https:\/\/hotelsangilcampestre.com\/wp-content\/uploads\/2020\/11\/DJI_0593-HDR-2048x1364.jpg 2048w, https:\/\/hotelsangilcampestre.com\/wp-content\/uploads\/2020\/11\/DJI_0593-HDR-300x200.jpg 300w, https:\/\/hotelsangilcampestre.com\/wp-content\/uploads\/2020\/11\/DJI_0593-HDR-1024x682.jpg 1024w, https:\/\/hotelsangilcampestre.com\/wp-content\/uploads\/2020\/11\/DJI_0593-HDR-768x512.jpg 768w, https:\/\/hotelsangilcampestre.com\/wp-content\/uploads\/2020\/11\/DJI_0593-HDR-1536x1023.jpg 1536w, https:\/\/hotelsangilcampestre.com\/wp-content\/uploads\/2020\/11\/DJI_0593-HDR-scaled-e1605970008113.jpg 1600w\" sizes=\"(max-width: 2048px) 100vw, 2048px\" \/>\t\t\t\t\t\t\t\t\t\t\t\t\t<\/div>\n\t\t\t\t<\/div>\n\t\t\t\t<div class=\"elementor-element elementor-element-8c5ae46 elementor-widget elementor-widget-image\" data-id=\"8c5ae46\" data-element_type=\"widget\" data-widget_type=\"image.default\">\n\t\t\t\t<div class=\"elementor-widget-container\">\n\t\t\t\t\t\t\t\t\t\t\t\t\t<img decoding=\"async\" width=\"438\" height=\"230\" src=\"https:\/\/hotelsangilcampestre.com\/wp-content\/uploads\/2020\/10\/logoflpng.png\" class=\"attachment-2048x2048 size-2048x2048 wp-image-681\" alt=\"\" srcset=\"https:\/\/hotelsangilcampestre.com\/wp-content\/uploads\/2020\/10\/logoflpng.png 438w, https:\/\/hotelsangilcampestre.com\/wp-content\/uploads\/2020\/10\/logoflpng-300x158.png 300w\" sizes=\"(max-width: 438px) 100vw, 438px\" \/>\t\t\t\t\t\t\t\t\t\t\t\t\t<\/div>\n\t\t\t\t<\/div>\n\t\t\t\t\t<\/div>\n\t\t<\/div>\n\t\t\t\t<div class=\"elementor-column elementor-col-50 elementor-inner-column elementor-element elementor-element-83d7816\" data-id=\"83d7816\" data-element_type=\"column\">\n\t\t\t<div class=\"elementor-widget-wrap elementor-element-populated\">\n\t\t\t\t\t\t<div class=\"elementor-element elementor-element-fa66e90 elementor-widget elementor-widget-text-editor\" data-id=\"fa66e90\" data-element_type=\"widget\" data-widget_type=\"text-editor.default\">\n\t\t\t\t<div class=\"elementor-widget-container\">\n\t\t\t\t\t\t\t<p>Somos FL Hoteles, una empresa con 30 a\u00f1os de experiencia en la administraci\u00f3n de establecimientos hoteleros a lo largo del territorio nacional. Siendo reconocidos por el magn\u00edfico servicio personalizado a nuestros hu\u00e9spedes para hacerlos sentir como en casa.<\/p><p>Desde el a\u00f1o 2004 San Gil se denomina como la Capital Tur\u00edstica de Santander, debido a su gran variedad de oferta tur\u00edstica y su ubicaci\u00f3n estrat\u00e9gica con Bogot\u00e1 y Bucaramanga, que lo hacen un municipio \u00fanico en el departamento para vivir aqu\u00ed momentos maravillosos e inolvidables.<\/p><p>Nuestra infraestructura, que ponemos a servicio de visitantes, en San Gil nos permite ofrecer un servicio para satisfacer las m\u00e1s altas expectativas, tanto para aquellos que desean descansar en nuestras amplias zonas verdes y nuestra amplia piscina. En el Hotel San Gil Campestre podr\u00e1s conocer y disfrutar de los deportes extremos y de aventura que brinda Santander.<\/p><p>Contamos con una ubicaci\u00f3n privilegiada sobre la v\u00eda San Gil-Socorro, un verdadero remanso de paz. Estamos a pocos minutos de lugares emblem\u00e1ticos como Barichara; igualmente a una hora del ca\u00f1\u00f3n del Chicamocha y su parque.<\/p><p>Contamos con los mejores servicios adicionales. En nuestros restaurantes podr\u00e1s disfrutar de la excelente saz\u00f3n que siempre nos ha caracterizado, recreando la gastronom\u00eda de nuestras diferentes regiones a trav\u00e9s de deliciosos platos. Ofrecemos, igualmente, un espacio ideal para tus eventos sociales, empresariales, excursiones especializadas, turismo pedag\u00f3gico y pasad\u00edas en nuestras incre\u00edbles instalaciones.<\/p>\t\t\t\t\t\t<\/div>\n\t\t\t\t<\/div>\n\t\t\t\t\t<\/div>\n\t\t<\/div>\n\t\t\t\t\t<\/div>\n\t\t<\/section>\n\t\t\t\t\t<\/div>\n\t\t<\/div>\n\t\t\t\t\t<\/div>\n\t\t<\/section>\n\t\t\t\t<\/div>\n\t\t","protected":false},"excerpt":{"rendered":"<p>Somos FL Hoteles, una empresa con 30 a\u00f1os de experiencia en la administraci\u00f3n de establecimientos hoteleros a lo largo del territorio nacional. Siendo reconocidos por el magn\u00edfico servicio personalizado a nuestros hu\u00e9spedes para hacerlos sentir como en casa. Desde el a\u00f1o 2004 San Gil se denomina como la Capital Tur\u00edstica de Santander, debido a su &hellip;<\/p>\n<p class=\"read-more\"> <a class=\"\" href=\"https:\/\/hotelsangilcampestre.com\/index.php\/nosotros\/\"> <span class=\"screen-reader-text\">Nosotros<\/span> Leer m\u00e1s &raquo;<\/a><\/p>\n","protected":false},"author":1,"featured_media":0,"parent":0,"menu_order":0,"comment_status":"closed","ping_status":"closed","template":"","meta":{"_monsterinsights_skip_tracking":false,"_monsterinsights_sitenote_active":false,"_monsterinsights_sitenote_note":"","_monsterinsights_sitenote_category":0},"aioseo_notices":[],"_links":{"self":[{"href":"https:\/\/hotelsangilcampestre.com\/index.php\/wp-json\/wp\/v2\/pages\/643"}],"collection":[{"href":"https:\/\/hotelsangilcampestre.com\/index.php\/wp-json\/wp\/v2\/pages"}],"about":[{"href":"https:\/\/hotelsangilcampestre.com\/index.php\/wp-json\/wp\/v2\/types\/page"}],"author":[{"embeddable":true,"href":"https:\/\/hotelsangilcampestre.com\/index.php\/wp-json\/wp\/v2\/users\/1"}],"replies":[{"embeddable":true,"href":"https:\/\/hotelsangilcampestre.com\/index.php\/wp-json\/wp\/v2\/comments?post=643"}],"version-history":[{"count":6,"href":"https:\/\/hotelsangilcampestre.com\/index.php\/wp-json\/wp\/v2\/pages\/643\/revisions"}],"predecessor-version":[{"id":890,"href":"https:\/\/hotelsangilcampestre.com\/index.php\/wp-json\/wp\/v2\/pages\/643\/revisions\/890"}],"wp:attachment":[{"href":"https:\/\/hotelsangilcampestre.com\/index.php\/wp-json\/wp\/v2\/media?parent=643"}],"curies":[{"name":"wp","href":"https:\/\/api.w.org\/{rel}","templated":true}]}}