{"id":645,"date":"2020-10-11T20:34:58","date_gmt":"2020-10-11T20:34:58","guid":{"rendered":"http:\/\/hotelsangilcampestre.com\/?page_id=645"},"modified":"2020-10-24T03:21:47","modified_gmt":"2020-10-24T03:21:47","slug":"protocolos-de-bio-seguridad","status":"publish","type":"page","link":"https:\/\/hotelsangilcampestre.com\/index.php\/protocolos-de-bio-seguridad\/","title":{"rendered":"Protocolos de Bio-seguridad"},"content":{"rendered":"\t\t<div data-elementor-type=\"wp-page\" data-elementor-id=\"645\" class=\"elementor elementor-645\">\n\t\t\t\t\t\t<section class=\"elementor-section elementor-top-section elementor-element elementor-element-d6019a5 elementor-section-boxed elementor-section-height-default elementor-section-height-default\" data-id=\"d6019a5\" data-element_type=\"section\">\n\t\t\t\t\t\t<div class=\"elementor-container elementor-column-gap-default\">\n\t\t\t\t\t<div class=\"elementor-column elementor-col-100 elementor-top-column elementor-element elementor-element-119184b\" data-id=\"119184b\" data-element_type=\"column\">\n\t\t\t<div class=\"elementor-widget-wrap elementor-element-populated\">\n\t\t\t\t\t\t<div class=\"elementor-element elementor-element-12d5721 elementor-widget elementor-widget-text-editor\" data-id=\"12d5721\" data-element_type=\"widget\" data-widget_type=\"text-editor.default\">\n\t\t\t\t<div class=\"elementor-widget-container\">\n\t\t\t\t\t\t\t<h1>Protocolos\u00a0<\/h1><h1>de Bio-seguridad<\/h1>\t\t\t\t\t\t<\/div>\n\t\t\t\t<\/div>\n\t\t\t\t<div class=\"elementor-element elementor-element-0121e98 elementor-widget elementor-widget-image\" data-id=\"0121e98\" data-element_type=\"widget\" data-widget_type=\"image.default\">\n\t\t\t\t<div class=\"elementor-widget-container\">\n\t\t\t\t\t\t\t\t\t\t\t\t\t<img decoding=\"async\" width=\"119\" height=\"112\" src=\"https:\/\/hotelsangilcampestre.com\/wp-content\/uploads\/2020\/10\/bioseguridad-2.png\" class=\"attachment-thumbnail size-thumbnail wp-image-737\" alt=\"\" \/>\t\t\t\t\t\t\t\t\t\t\t\t\t<\/div>\n\t\t\t\t<\/div>\n\t\t\t\t<div class=\"elementor-element elementor-element-8e08751 elementor-widget elementor-widget-text-editor\" data-id=\"8e08751\" data-element_type=\"widget\" data-widget_type=\"text-editor.default\">\n\t\t\t\t<div class=\"elementor-widget-container\">\n\t\t\t\t\t\t\t<h3><b>El Hotel San Gil\u00a0 Campestre:<\/b><\/h3><ul><li style=\"font-weight: 400;\"><span style=\"font-weight: 400;\">Garantizar\u00e1 el cumplimiento de una distancia m\u00ednima f\u00edsica de 2 metros, tanto en las filas de ingreso, y en todas las interacciones entre personas. Igualmente tendr\u00e1 en cuenta las distancias definidas por las regulaciones que existan o sean emitidas referentes al sector econ\u00f3mico o normatividad de las autoridades locales.<\/span><\/li><li style=\"font-weight: 400;\"><span style=\"font-weight: 400;\">Entregar\u00e1 informaci\u00f3n sobre las recomendaciones del COVID-19, que alcancen el 100% del personal, colaboradores, hu\u00e9spedes, visitantes, contratistas y proveedores.<\/span><\/li><li style=\"font-weight: 400;\"><span style=\"font-weight: 400;\">Garantizar\u00e1 la toma diaria de temperatura de los trabajadores, hu\u00e9spedes y visitantes, al ingreso y salida del Hotel, llevando un registro en el Anexo 1.<\/span><\/li><li style=\"font-weight: 400;\"><span style=\"font-weight: 400;\">El resultado del tamizaje de temperatura no debe ser mayor o igual a 38 \u00b0C.\u00a0 De serlo, se aplicar\u00e1 protocolo de posible caso positivo, no se permitir\u00e1 el ingreso de la persona.<\/span><\/li><li style=\"font-weight: 400;\"><span style=\"font-weight: 400;\">Mantendr\u00e1 disponible y visible el instructivo de lavado de manos.<\/span><\/li><li style=\"font-weight: 400;\"><span style=\"font-weight: 400;\">Ubicar\u00e1 puntos de hidrataci\u00f3n estrat\u00e9gicamente con uso de vaso personal o desechable para fomentar la hidrataci\u00f3n continua. Adem\u00e1s, promover\u00e1 a los colaboradores la importancia de no compartir vasos ni objetos de trabajo con compa\u00f1eros.<\/span><\/li><li style=\"font-weight: 400;\"><span style=\"font-weight: 400;\">Realizar\u00e1 supervisi\u00f3n constante para la desinfecci\u00f3n de los elementos y zonas comunes.<\/span><\/li><li style=\"font-weight: 400;\"><span style=\"font-weight: 400;\">Garantizar\u00e1 que las partes interesadas cumplan el protocolo de bioseguridad al interior del establecimiento<\/span>\u00a0<\/li><\/ul>\t\t\t\t\t\t<\/div>\n\t\t\t\t<\/div>\n\t\t\t\t<div class=\"elementor-element elementor-element-7a33f8f elementor-widget elementor-widget-text-editor\" data-id=\"7a33f8f\" data-element_type=\"widget\" data-widget_type=\"text-editor.default\">\n\t\t\t\t<div class=\"elementor-widget-container\">\n\t\t\t\t\t\t\t<h3><b>Trabajadores<\/b><span style=\"font-weight: 400;\">:\u00a0<\/span><\/h3><ul><li style=\"font-weight: 400;\"><span style=\"font-weight: 400;\">Realizar\u00e1n la autoevaluaci\u00f3n de s\u00edntomas para que tomen las medidas de salud pertinentes antes de ir a trabajar.<\/span><\/li><li style=\"font-weight: 400;\"><span style=\"font-weight: 400;\">Deber\u00e1n mantenerse informados sobre las recomendaciones para evitar contagio del COVID-19.<\/span><\/li><li style=\"font-weight: 400;\"><span style=\"font-weight: 400;\">Permitir\u00e1n la toma de temperatura en el hotel al ingreso y al retiro de este.<\/span><\/li><li style=\"font-weight: 400;\"><span style=\"font-weight: 400;\">Cumplir\u00e1n la distancia m\u00ednima f\u00edsica de 2 metros o la que defina la organizaci\u00f3n acorde a la legislaci\u00f3n vigente.<\/span><\/li><li style=\"font-weight: 400;\"><span style=\"font-weight: 400;\">Implementar\u00e1n el lavado permanente de manos con el protocolo definido por el hotel.<\/span><\/li><li style=\"font-weight: 400;\"><span style=\"font-weight: 400;\">Practicar\u00e1n la limpieza y desinfecci\u00f3n de las \u00e1reas de trabajo.<\/span><\/li><li style=\"font-weight: 400;\"><span style=\"font-weight: 400;\">Uso obligatorio de tapabocas en todo momento y la careta si tienen contacto con el hu\u00e9sped.<\/span><\/li><\/ul>\t\t\t\t\t\t<\/div>\n\t\t\t\t<\/div>\n\t\t\t\t\t<\/div>\n\t\t<\/div>\n\t\t\t\t\t<\/div>\n\t\t<\/section>\n\t\t\t\t<section class=\"elementor-section elementor-top-section elementor-element elementor-element-281752f elementor-section-boxed elementor-section-height-default elementor-section-height-default\" data-id=\"281752f\" data-element_type=\"section\">\n\t\t\t\t\t\t<div class=\"elementor-container elementor-column-gap-default\">\n\t\t\t\t\t\t<\/div>\n\t\t<\/section>\n\t\t\t\t<section class=\"elementor-section elementor-top-section elementor-element elementor-element-aa16f87 elementor-section-boxed elementor-section-height-default elementor-section-height-default\" data-id=\"aa16f87\" data-element_type=\"section\">\n\t\t\t\t\t\t<div class=\"elementor-container elementor-column-gap-default\">\n\t\t\t\t\t<div class=\"elementor-column elementor-col-100 elementor-top-column elementor-element elementor-element-6636205\" data-id=\"6636205\" data-element_type=\"column\">\n\t\t\t<div class=\"elementor-widget-wrap elementor-element-populated\">\n\t\t\t\t\t\t<div class=\"elementor-element elementor-element-3ccb01e elementor-widget elementor-widget-text-editor\" data-id=\"3ccb01e\" data-element_type=\"widget\" data-widget_type=\"text-editor.default\">\n\t\t\t\t<div class=\"elementor-widget-container\">\n\t\t\t\t\t\t\t<h3><b>Limpieza y Desinfecci\u00f3n:<\/b><\/h3><p><span style=\"font-weight: 400;\">Se dispondr\u00e1 de los insumos qu\u00edmicos necesarios para garantizar los procesos de limpieza y desinfecci\u00f3n, buscando un uso, almacenamiento y disposici\u00f3n de estos de la manera adecuada.<\/span><\/p><p><span style=\"font-weight: 400;\">La empresa se compromete a garantizar la limpieza y desinfecci\u00f3n, de:<\/span><\/p><ul><li style=\"font-weight: 400;\"><span style=\"font-weight: 400;\">\u00c1reas y superficies con\u00a0 productos qu\u00edmicos que garantizan una adecuada desinfecci\u00f3n.<\/span><\/li><li style=\"font-weight: 400;\"><span style=\"font-weight: 400;\">Fumigaci\u00f3n con hipoclorito 3 veces por semana (o despu\u00e9s de haber tenido uso por varias personas) del piso en: andenes, parqueadero, recepci\u00f3n, escaleras del lobby, capilla, circulaciones, terraza alrededor de la piscina, cocina, salones, lavander\u00eda y dep\u00f3sitos.<\/span><\/li><li style=\"font-weight: 400;\"><span style=\"font-weight: 400;\">Limpieza con hipoclorito de los pasamanos de los corredores y escaleras.<\/span><\/li><li style=\"font-weight: 400;\"><span style=\"font-weight: 400;\">Desinfecci\u00f3n permanente con alcohol del counter de recepci\u00f3n, sillas, mesas del comedor, muebles del lobby y corredores.<\/span><\/li><li style=\"font-weight: 400;\"><span style=\"font-weight: 400;\">Desinfecci\u00f3n con alcohol del equipaje de cada hu\u00e9sped<\/span><\/li><li style=\"font-weight: 400;\"><span style=\"font-weight: 400;\">Desinfecci\u00f3n profunda en habitaciones de: Llaves, chapas, manijas, interruptores, control de T.V.\u00a0<\/span><\/li><li style=\"font-weight: 400;\"><span style=\"font-weight: 400;\">Desinfecci\u00f3n de ambientes contra virus y bacterias con vaporizador con l\u00edquido desinfectante aplicado durante 20 minutos en cada habitaci\u00f3n, cocinas, lavander\u00eda, dep\u00f3sitos, ba\u00f1os p\u00fablicos, salones, recepci\u00f3n y capilla. (Siempre en ausencia de personas)<\/span><\/li><li style=\"font-weight: 400;\"><span style=\"font-weight: 400;\">Desinfecci\u00f3n con vinagre del mercado y todo art\u00edculo que ingrese al hotel con alcohol.<\/span><\/li><li style=\"font-weight: 400;\"><span style=\"font-weight: 400;\">Instalaci\u00f3n de 1 tapete con hipoclorito a la entrada de la recepci\u00f3n del hotel y otro en la capilla.\u00a0<\/span><\/li><li style=\"font-weight: 400;\"><span style=\"font-weight: 400;\">Equipos electr\u00f3nicos: limpieza con alcohol cada tres horas, celulares, tel\u00e9fonos, computadores, tabletas, calculadoras. Equipos de sonido y micr\u00f3fonos (cuando sea necesario).<\/span><\/li><\/ul>\t\t\t\t\t\t<\/div>\n\t\t\t\t<\/div>\n\t\t\t\t\t<\/div>\n\t\t<\/div>\n\t\t\t\t\t<\/div>\n\t\t<\/section>\n\t\t\t\t<section class=\"elementor-section elementor-top-section elementor-element elementor-element-22aeff5 elementor-section-boxed elementor-section-height-default elementor-section-height-default\" data-id=\"22aeff5\" data-element_type=\"section\">\n\t\t\t\t\t\t<div class=\"elementor-container elementor-column-gap-default\">\n\t\t\t\t\t<div class=\"elementor-column elementor-col-100 elementor-top-column elementor-element elementor-element-39b45a5\" data-id=\"39b45a5\" data-element_type=\"column\">\n\t\t\t<div class=\"elementor-widget-wrap elementor-element-populated\">\n\t\t\t\t\t\t<div class=\"elementor-element elementor-element-92c7d91 elementor-widget elementor-widget-text-editor\" data-id=\"92c7d91\" data-element_type=\"widget\" data-widget_type=\"text-editor.default\">\n\t\t\t\t<div class=\"elementor-widget-container\">\n\t\t\t\t\t\t\t<h3><strong>EN<\/strong><b> LA RECEPCI\u00d3N<\/b><\/h3><ul><li style=\"font-weight: 400;\"><span style=\"font-weight: 400;\">El hotel deber\u00e1 informar al cliente, previo a la confirmaci\u00f3n de la reserva, sobre las condiciones de servicio y medidas de prevenci\u00f3n establecidas, para su aprobaci\u00f3n.<\/span><\/li><li style=\"font-weight: 400;\"><span style=\"font-weight: 400;\">El hotel determinar\u00e1 el aforo m\u00e1ximo de la recepci\u00f3n, tomando en cuenta las medidas de distanciamiento entre clientes y con los empleados.<\/span><\/li><li style=\"font-weight: 400;\"><span style=\"font-weight: 400;\">Fomentar el pago con tarjeta u otros medios electr\u00f3nicos para evitar la manipulaci\u00f3n de dinero en efectivo.<\/span><\/li><li style=\"font-weight: 400;\"><span style=\"font-weight: 400;\">Si se utilizan tarjetas o llaves, deber\u00e1n depositarse en un recipiente desinfectante al finalizar la estancia o tras cada uso.<\/span><\/li><li style=\"font-weight: 400;\"><span style=\"font-weight: 400;\">Colocaci\u00f3n de alfombras desinfectantes a la entrada del establecimiento.<\/span><\/li><li style=\"font-weight: 400;\"><span style=\"font-weight: 400;\">Se dispone de un term\u00f3metro sin contacto para realizar pruebas de temperatura en caso de sintomatolog\u00eda compatible con COVID-19.<\/span><\/li><li style=\"font-weight: 400;\"><span style=\"font-weight: 400;\">Se evitar\u00e1 la manipulaci\u00f3n de autos de clientes por parte del personal.<\/span><\/li><li style=\"font-weight: 400;\"><span style=\"font-weight: 400;\">Cada hu\u00e9sped debe de llenar al ingresar la planilla de la O.M.S<\/span><\/li><\/ul><h3><b>EN RESTAURANTE O CAFETER\u00cdA<\/b><\/h3><ul><li style=\"font-weight: 400;\"><span style=\"font-weight: 400;\">Reducir la intervenci\u00f3n del cliente. Se suspende el servicio de bufetes, se implementar\u00e1 que el personal sea el encargado de servir directamente a la mesa con sus respectivos elementos de bioseguridad.\u00a0<\/span><\/li><li style=\"font-weight: 400;\"><span style=\"font-weight: 400;\">Se eliminar\u00e1n de la mesa los elementos de uso com\u00fan como salseras, azucarero y cualquier elemento decorativo.<\/span><\/li><li style=\"font-weight: 400;\"><span style=\"font-weight: 400;\">El establecimiento implantar\u00e1 horarios para evitar aglomeraciones.<\/span><\/li><li style=\"font-weight: 400;\"><span style=\"font-weight: 400;\">En el servicio de room service, el camarero deber\u00e1 usar guantes y portar mascarilla.<\/span><\/li><li style=\"font-weight: 400;\"><span style=\"font-weight: 400;\">Retirar los residuos bajo un protocolo que deber\u00e1 seguir el cliente.<\/span><\/li><li style=\"font-weight: 400;\"><span style=\"font-weight: 400;\">Instalaci\u00f3n de un dispensador con alcohol glicerinado para limpieza de manos<\/span><\/li><\/ul><h3><b>EN LA COCINA<\/b><\/h3><ul><li style=\"font-weight: 400;\"><span style=\"font-weight: 400;\">Se dispondr\u00e1 de un dispensador de gel antibacterial a la entrada de la misma<\/span><\/li><li style=\"font-weight: 400;\"><span style=\"font-weight: 400;\">Lavado permanente de manos con jab\u00f3n antibacterial<\/span><\/li><li style=\"font-weight: 400;\"><span style=\"font-weight: 400;\">Uso permanente de gorro y tapabocas para el personal<\/span><\/li><li style=\"font-weight: 400;\"><span style=\"font-weight: 400;\">Desinfecci\u00f3n de pisos y superficies con hipoclorito<\/span><\/li><li style=\"font-weight: 400;\"><span style=\"font-weight: 400;\">Limpieza de cristaler\u00eda y cubierter\u00eda con jab\u00f3n agua caliente y vinagre<\/span><\/li><li style=\"font-weight: 400;\"><span style=\"font-weight: 400;\">Lavado de utensilios de cocina con agua caliente y jab\u00f3n<\/span><\/li><li style=\"font-weight: 400;\"><span style=\"font-weight: 400;\">Desinfecci\u00f3n general de la cocina con vaporizados de l\u00edquido desinfectante<\/span><\/li><\/ul><h3><b>EN LA HABITACI\u00d3N<\/b><\/h3><ul><li style=\"font-weight: 400;\"><span style=\"font-weight: 400;\">Se reducir\u00e1 la utilizaci\u00f3n de textiles como tapetes, alfombras, cojines, objetos de decoraci\u00f3n y amenidades<\/span><\/li><li style=\"font-weight: 400;\"><span style=\"font-weight: 400;\">En el ba\u00f1o se colocar\u00e1 una caneca de basura de pedal, el cual deber\u00e1 contar con doble bolsa, tapa y accionamiento autom\u00e1tico.<\/span><\/li><li style=\"font-weight: 400;\"><span style=\"font-weight: 400;\">Todos los d\u00edas se desinfectar\u00e1 el total de la habitaci\u00f3n con Ozono desinfectante, interruptores, manijas, chapas, control de t.v. ganchos, perchas, y limpiadores desinfectantes de superficies.<\/span><\/li><li style=\"font-weight: 400;\"><span style=\"font-weight: 400;\">Instalaci\u00f3n de filtros Hepa en aires acondicionados, y cambiarlos seg\u00fan ficha t\u00e9cnica\u00a0<\/span><\/li><li style=\"font-weight: 400;\"><span style=\"font-weight: 400;\">La camarera utilizar\u00e1 traje antifluidos, tapabocas y guantes durante el servicio.<\/span><\/li><\/ul><h3><b>ZONAS DE USO COM\u00daN<\/b><\/h3><ul><li style=\"font-weight: 400;\"><span style=\"font-weight: 400;\">Disponer de soluci\u00f3n hidroalcoh\u00f3lica, en lugares de paso.<\/span><\/li><li style=\"font-weight: 400;\"><span style=\"font-weight: 400;\">Los sanitarios de uso com\u00fan cuentan con dispensadores de papel y se evitar\u00e1 el uso de toallas de tela, incluso individuales.<\/span><\/li><\/ul><h3><b>PISCINAS<\/b><\/h3><ul><li style=\"font-weight: 400;\"><span style=\"font-weight: 400;\">Se determinar\u00e1n las directrices a aplicar de acuerdo a los resultados sobre el comportamiento del virus bajo el agua.<\/span><\/li><li style=\"font-weight: 400;\"><span style=\"font-weight: 400;\">Se desinfectar\u00e1n pisos, asoleadoras, mesas, sillas y todo objeto alrededor de esta con hipoclorito.<\/span><\/li><li style=\"font-weight: 400;\"><span style=\"font-weight: 400;\">Se instaurar\u00e1n horarios para el uso de la piscina a los huespedes, cpn el objetivo de evitar alglomeraciones en esta zona com\u00fan.<\/span><\/li><\/ul><h3><b>MANEJO DE RESIDUOS:<\/b><\/h3><p><span style=\"font-weight: 400;\">La empresa se compromete a garantizar el manejo integral de residuos mediante las siguientes acciones.<\/span><\/p><ul><li style=\"font-weight: 400;\"><span style=\"font-weight: 400;\">Realizar\u00e1 la disposici\u00f3n en bolsas y canecas de acuerdo con el c\u00f3digo de colores de la empresa y del hotel.<\/span><\/li><li style=\"font-weight: 400;\"><span style=\"font-weight: 400;\">Dispondr\u00e1 de un punto de acopio previamente se\u00f1alizado para la posterior recolecci\u00f3n y entrega al proveedor correspondiente.<\/span><\/li><li style=\"font-weight: 400;\"><span style=\"font-weight: 400;\">Los Elementos de Protecci\u00f3n de hu\u00e9spedes y personal, mascarillas y dotaci\u00f3n desechable que el personal emplee para el cumplimiento de la \u201cetiqueta respiratoria\u201d, se depositar\u00e1n en papeleras o contenedores separados, protegidos con tapa, rotulados y, en lo posible, accionados por pedal.<\/span><\/li><li style=\"font-weight: 400;\"><span style=\"font-weight: 400;\">Recolectar\u00e1n los residuos diariamente.<\/span><\/li><li style=\"font-weight: 400;\"><span style=\"font-weight: 400;\">Los residuos peligrosos ser\u00e1n transportados directamente al contenedor con todas las medidas de seguridad.<\/span><\/li><li style=\"font-weight: 400;\"><span style=\"font-weight: 400;\">Los desechos de la cocina se dispondr\u00e1n en dos canecas uno para desechos s\u00f3lidos y otro para desechos l\u00edquidos, diariamente se sacar\u00e1 con las respectivas medidas de seguridad, previamente asperjados con hipoclorito al contenedor en la parte exterior del hotel.<\/span><\/li><li style=\"font-weight: 400;\"><span style=\"font-weight: 400;\">Sacar\u00e1 diariamente las canecas de basura con todas las medidas de protecci\u00f3n al contenedor de la calle. Se desinfectar\u00e1n las canecas con hipoclorito, al igual que el cuarto de basuras.<\/span><\/li><\/ul><h3><b>PREVENCI\u00d3N Y MANEJO DE SITUACIONES DE RIESGO DE CONTAGIO:<\/b><\/h3><p><span style=\"font-weight: 400;\">Una vez que se identifique que alg\u00fan empleado tiene sospecha o confirmaci\u00f3n de la infecci\u00f3n, los pasos siguientes ser\u00e1n usar mascarilla y cumplir aislamiento en su casa de manera inmediata hasta tener una indicaci\u00f3n de su EPS o ARL que permita su retorno de manera presencial. Adicionalmente, se realizar\u00e1n las siguientes acciones:<\/span><\/p><h3><b>REPORTE DE CASOS POSITIVOS SOSPECHOSOS:<\/b><\/h3><p><span style=\"font-weight: 400;\">Ante cada caso de un empleado con resultado positivo para COVID-19, se reportar\u00e1 a la Secretar\u00eda de Salud del municipio y se realizar\u00e1 un cerco epidemiol\u00f3gico identificando cu\u00e1les empleados y hu\u00e9spedes tuvieron contacto estrecho en los \u00faltimos catorce d\u00edas para que estos tambi\u00e9n consulten en su EPS.<\/span><\/p><ul><li style=\"font-weight: 400;\"><span style=\"font-weight: 400;\">Se informar\u00e1 a la ARL del empleado afiliado, de la situaci\u00f3n para recibir orientaci\u00f3n y seguimiento.<\/span><\/li><li style=\"font-weight: 400;\"><span style=\"font-weight: 400;\">Se orientar\u00e1 y acompa\u00f1ar\u00e1 a cada colaborador con s\u00edntomas para que consulte en su EPS.<\/span><\/li><li style=\"font-weight: 400;\"><span style=\"font-weight: 400;\">Cada colaborador, confirmado o sospechoso, permanecer\u00e1 en su casa durante catorce d\u00edas mientras no tenga certificado m\u00e9dico que avale su retorno antes de ese periodo.<\/span><\/li><li style=\"font-weight: 400;\"><span style=\"font-weight: 400;\">Si se confirma un caso para un rol de riesgo, se diligenciar\u00e1 el Formato \u00danico de Reporte de Enfermedad Laboral (FUREL) y se enviar\u00e1 a la ARL y EPS.<\/span><\/li><li style=\"font-weight: 400;\"><span style=\"font-weight: 400;\">Los casos sospechosos y confirmados tendr\u00e1n seguimiento diario telef\u00f3nico por el respectivo l\u00edder.<\/span><\/li><li style=\"font-weight: 400;\"><span style=\"font-weight: 400;\">Cada empleado confirmado para coronavirus, una vez finalice su incapacidad, entregar\u00e1 las recomendaciones dadas por su m\u00e9dico tratante o EPS para definir las condiciones de reincorporaci\u00f3n y la realizaci\u00f3n de evaluaci\u00f3n ocupacional por incapacidad.<\/span><\/li><\/ul>\t\t\t\t\t\t<\/div>\n\t\t\t\t<\/div>\n\t\t\t\t\t<\/div>\n\t\t<\/div>\n\t\t\t\t\t<\/div>\n\t\t<\/section>\n\t\t\t\t<section class=\"elementor-section elementor-top-section elementor-element elementor-element-8825863 elementor-section-boxed elementor-section-height-default elementor-section-height-default\" data-id=\"8825863\" data-element_type=\"section\">\n\t\t\t\t\t\t<div class=\"elementor-container elementor-column-gap-default\">\n\t\t\t\t\t<div class=\"elementor-column elementor-col-100 elementor-top-column elementor-element elementor-element-f76328b\" data-id=\"f76328b\" data-element_type=\"column\">\n\t\t\t<div class=\"elementor-widget-wrap elementor-element-populated\">\n\t\t\t\t\t\t<div class=\"elementor-element elementor-element-ff6d630 elementor-widget elementor-widget-text-editor\" data-id=\"ff6d630\" data-element_type=\"widget\" data-widget_type=\"text-editor.default\">\n\t\t\t\t<div class=\"elementor-widget-container\">\n\t\t\t\t\t\t\t<h3><b>MEDIDAS DE BIO-SEGURIDAD:<\/b><\/h3>\n<p><span style=\"font-weight: 400;\">Medidas generales y mecanismos para la preparaci\u00f3n del ingreso de tus colaboradores, hu\u00e9spedes y proveedores a las instalaciones del hotel.<\/span><\/p>\n<p><b>Lavado de manos: <\/b><span style=\"font-weight: 400;\">la empresa contar\u00e1 con los recursos para garantizar el lavado frecuente de manos de todas sus partes interesadas, tales como jab\u00f3n, toallas de papel&nbsp; y canecas.<\/span><\/p>\n<p><b>Distanciamiento f\u00edsico para garantizar un espacio entre las personas en el lugar de trabajo<\/b><span style=\"font-weight: 400;\">. El hotel se compromete a garantizar el distanciamiento f\u00edsico de 2 metros por medio de estas acciones:<\/span><\/p>\n<ul>\n<li style=\"font-weight: 400;\"><span style=\"font-weight: 400;\">Incentivar el distanciamiento f\u00edsico con personas fuera de las habitaciones y frente a frente en lugares p\u00fablicos (escaleras, recepci\u00f3n, comedor entre otros), en el transporte p\u00fablico y en comunidad.<\/span><\/li>\n<li style=\"font-weight: 400;\"><span style=\"font-weight: 400;\">No realizar reuniones en grupos y, en caso de tener que hacerlas, no superar\u00e1n los cinco asistentes garantizando el distanciamiento f\u00edsico.<\/span><\/li>\n<\/ul>\n<ul>\n<li style=\"font-weight: 400;\"><span style=\"font-weight: 400;\">Conservar las distancias de 2 metros en filas o sillas y en las \u00e1reas en que aplique.<\/span><\/li>\n<\/ul>\n<p><span style=\"font-weight: 400;\">Para acompa\u00f1ar estas acciones, se usar\u00e1 el video de distanciamiento f\u00edsico, disponible en el siguiente enlace: <\/span><a href=\"https:\/\/youtu.be\/tFLynO5uCrs\"><span style=\"font-weight: 400;\">https:\/\/youtu.be\/tFLynO5uCrs<\/span><\/a><\/p>\t\t\t\t\t\t<\/div>\n\t\t\t\t<\/div>\n\t\t\t\t\t<\/div>\n\t\t<\/div>\n\t\t\t\t\t<\/div>\n\t\t<\/section>\n\t\t\t\t<\/div>\n\t\t","protected":false},"excerpt":{"rendered":"<p>Protocolos\u00a0 de Bio-seguridad El Hotel San Gil\u00a0 Campestre: Garantizar\u00e1 el cumplimiento de una distancia m\u00ednima f\u00edsica de 2 metros, tanto en las filas de ingreso, y en todas las interacciones entre personas. Igualmente tendr\u00e1 en cuenta las distancias definidas por las regulaciones que existan o sean emitidas referentes al sector econ\u00f3mico o normatividad de las &hellip;<\/p>\n<p class=\"read-more\"> <a class=\"\" href=\"https:\/\/hotelsangilcampestre.com\/index.php\/protocolos-de-bio-seguridad\/\"> <span class=\"screen-reader-text\">Protocolos de Bio-seguridad<\/span> Leer m\u00e1s &raquo;<\/a><\/p>\n","protected":false},"author":1,"featured_media":0,"parent":0,"menu_order":0,"comment_status":"closed","ping_status":"closed","template":"","meta":{"_monsterinsights_skip_tracking":false,"_monsterinsights_sitenote_active":false,"_monsterinsights_sitenote_note":"","_monsterinsights_sitenote_category":0},"aioseo_notices":[],"_links":{"self":[{"href":"https:\/\/hotelsangilcampestre.com\/index.php\/wp-json\/wp\/v2\/pages\/645"}],"collection":[{"href":"https:\/\/hotelsangilcampestre.com\/index.php\/wp-json\/wp\/v2\/pages"}],"about":[{"href":"https:\/\/hotelsangilcampestre.com\/index.php\/wp-json\/wp\/v2\/types\/page"}],"author":[{"embeddable":true,"href":"https:\/\/hotelsangilcampestre.com\/index.php\/wp-json\/wp\/v2\/users\/1"}],"replies":[{"embeddable":true,"href":"https:\/\/hotelsangilcampestre.com\/index.php\/wp-json\/wp\/v2\/comments?post=645"}],"version-history":[{"count":5,"href":"https:\/\/hotelsangilcampestre.com\/index.php\/wp-json\/wp\/v2\/pages\/645\/revisions"}],"predecessor-version":[{"id":824,"href":"https:\/\/hotelsangilcampestre.com\/index.php\/wp-json\/wp\/v2\/pages\/645\/revisions\/824"}],"wp:attachment":[{"href":"https:\/\/hotelsangilcampestre.com\/index.php\/wp-json\/wp\/v2\/media?parent=645"}],"curies":[{"name":"wp","href":"https:\/\/api.w.org\/{rel}","templated":true}]}}